
{"id":869,"date":"2018-07-25T11:48:07","date_gmt":"2018-07-25T09:48:07","guid":{"rendered":"http:\/\/volervolar.com\/www\/design\/"},"modified":"2018-09-27T16:37:44","modified_gmt":"2018-09-27T14:37:44","slug":"design","status":"publish","type":"page","link":"https:\/\/volervolar.com\/en\/","title":{"rendered":"Design"},"content":{"rendered":"<p>[et_pb_section fb_built=&#8221;1&#8243; _builder_version=&#8221;3.0.83&#8243; custom_padding=&#8221;0px|||&#8221;][et_pb_row use_custom_gutter=&#8221;on&#8221; gutter_width=&#8221;1&#8243; _builder_version=&#8221;3.0.83&#8243;][et_pb_column type=&#8221;1_4&#8243; _builder_version=&#8221;3.0.47&#8243; parallax=&#8221;off&#8221; parallax_method=&#8221;on&#8221;][\/et_pb_column][et_pb_column type=&#8221;1_2&#8243; _builder_version=&#8221;3.0.47&#8243; parallax=&#8221;off&#8221; parallax_method=&#8221;on&#8221;][et_pb_text admin_label=&#8221;Text frase&#8221; _builder_version=&#8221;3.0.106&#8243; header_2_font=&#8221;Montserrat|300|||||||&#8221; header_2_text_align=&#8221;center&#8221; header_2_font_size=&#8221;22px&#8221; header_2_line_height=&#8221;1.2em&#8221;]<\/p>\n<h5 style=\"text-align: center;\">More than 15 years communicating. We connect with you so that you get the best results. We communicate in a simple and creative way.<\/h5>\n<p>[\/et_pb_text][\/et_pb_column][et_pb_column type=&#8221;1_4&#8243; _builder_version=&#8221;3.0.47&#8243; parallax=&#8221;off&#8221; parallax_method=&#8221;on&#8221;][\/et_pb_column][\/et_pb_row][et_pb_row use_custom_width=&#8221;on&#8221; custom_width_px=&#8221;1400px&#8221; use_custom_gutter=&#8221;on&#8221; gutter_width=&#8221;2&#8243; custom_padding=&#8221;0px||0px|&#8221; custom_margin=&#8221;0px||0px|&#8221; background_repeat_1=&#8221;no-repeat&#8221; padding_top_1=&#8221;0px&#8221; padding_bottom_1=&#8221;0px&#8221; _builder_version=&#8221;3.0.83&#8243; module_alignment=&#8221;center&#8221;][et_pb_column type=&#8221;4_4&#8243; _builder_version=&#8221;3.0.47&#8243; padding_bottom=&#8221;0px&#8221; padding_top=&#8221;0px&#8221; parallax=&#8221;off&#8221; parallax_method=&#8221;on&#8221; background_repeat=&#8221;no-repeat&#8221;][et_pb_portfolio fullwidth=&#8221;off&#8221; posts_number=&#8221;15&#8243; show_categories=&#8221;off&#8221; show_pagination=&#8221;off&#8221; hover_icon=&#8221;%%43%%&#8221; _builder_version=&#8221;3.0.106&#8243; title_font_size=&#8221;12&#8243; caption_font_size=&#8221;12&#8243; pagination_font_size_tablet=&#8221;51&#8243; pagination_line_height_tablet=&#8221;2&#8243;][\/et_pb_portfolio][\/et_pb_column][\/et_pb_row][\/et_pb_section][et_pb_section fb_built=&#8221;1&#8243; module_id=&#8221;serveis&#8221; _builder_version=&#8221;3.0.83&#8243; background_color=&#8221;#efefef&#8221;][et_pb_row use_custom_gutter=&#8221;on&#8221; gutter_width=&#8221;1&#8243; _builder_version=&#8221;3.0.83&#8243;][et_pb_column type=&#8221;1_4&#8243; _builder_version=&#8221;3.0.47&#8243; parallax=&#8221;off&#8221; parallax_method=&#8221;on&#8221;][\/et_pb_column][et_pb_column type=&#8221;1_2&#8243; _builder_version=&#8221;3.0.47&#8243; parallax=&#8221;off&#8221; parallax_method=&#8221;on&#8221;][et_pb_text admin_label=&#8221;Titol Serveis&#8221; _builder_version=&#8221;3.0.106&#8243; header_2_font=&#8221;Montserrat|300|||||||&#8221; header_2_text_align=&#8221;center&#8221; header_2_font_size=&#8221;18px&#8221; header_2_line_height=&#8221;1.2em&#8221;]<\/p>\n<h2 style=\"text-align: center;\">Services<\/h2>\n<p>[\/et_pb_text][\/et_pb_column][et_pb_column type=&#8221;1_4&#8243; _builder_version=&#8221;3.0.47&#8243; parallax=&#8221;off&#8221; parallax_method=&#8221;on&#8221;][\/et_pb_column][\/et_pb_row][et_pb_row use_custom_gutter=&#8221;on&#8221; gutter_width=&#8221;1&#8243; _builder_version=&#8221;3.0.83&#8243;][et_pb_column type=&#8221;1_4&#8243; _builder_version=&#8221;3.0.47&#8243; parallax=&#8221;off&#8221; parallax_method=&#8221;on&#8221;][\/et_pb_column][et_pb_column type=&#8221;1_2&#8243; _builder_version=&#8221;3.0.47&#8243; parallax=&#8221;off&#8221; parallax_method=&#8221;on&#8221;][et_pb_text admin_label=&#8221;Text frase&#8221; _builder_version=&#8221;3.0.106&#8243; header_2_font=&#8221;Montserrat|300|||||||&#8221; header_2_text_align=&#8221;center&#8221; header_2_font_size=&#8221;22px&#8221; header_2_line_height=&#8221;1.2em&#8221;]<\/p>\n<h2 style=\"text-align: center;\">Barcelona Activa has selected VOLERVOLAR to advise new companies.<\/h2>\n<p>[\/et_pb_text][\/et_pb_column][et_pb_column type=&#8221;1_4&#8243; _builder_version=&#8221;3.0.47&#8243; parallax=&#8221;off&#8221; parallax_method=&#8221;on&#8221;][\/et_pb_column][\/et_pb_row][et_pb_row use_custom_gutter=&#8221;on&#8221; gutter_width=&#8221;1&#8243; _builder_version=&#8221;3.0.83&#8243;][et_pb_column type=&#8221;1_3&#8243; _builder_version=&#8221;3.0.47&#8243; parallax=&#8221;off&#8221; parallax_method=&#8221;on&#8221;][et_pb_text ul_type=&#8221;none&#8221; _builder_version=&#8221;3.0.106&#8243; ul_font=&#8221;Montserrat|300|||||||&#8221; ul_text_align=&#8221;center&#8221; ul_font_size=&#8221;18px&#8221; ul_line_height=&#8221;3em&#8221; custom_padding=&#8221;||0px|0px&#8221; animation_style=&#8221;fade&#8221;]<\/p>\n<ul>\n<li>Graphic design<\/li>\n<li>Web design<\/li>\n<li>Editorial design<\/li>\n<\/ul>\n<p>[\/et_pb_text][\/et_pb_column][et_pb_column type=&#8221;1_3&#8243; _builder_version=&#8221;3.0.47&#8243; parallax=&#8221;off&#8221; parallax_method=&#8221;on&#8221;][et_pb_text ul_type=&#8221;none&#8221; _builder_version=&#8221;3.0.106&#8243; ul_font=&#8221;Montserrat|300|||||||&#8221; ul_text_align=&#8221;center&#8221; ul_font_size=&#8221;18px&#8221; ul_line_height=&#8221;3em&#8221; animation_style=&#8221;fade&#8221; animation_delay=&#8221;200ms&#8221;]<\/p>\n<ul>\n<li>Illustration<\/li>\n<li>Creation of content online and offline<\/li>\n<li>Community Manager<\/li>\n<\/ul>\n<p>[\/et_pb_text][\/et_pb_column][et_pb_column type=&#8221;1_3&#8243; _builder_version=&#8221;3.0.47&#8243; parallax=&#8221;off&#8221; parallax_method=&#8221;on&#8221;][et_pb_text ul_type=&#8221;none&#8221; _builder_version=&#8221;3.0.106&#8243; ul_font=&#8221;Montserrat|300|||||||&#8221; ul_text_align=&#8221;center&#8221; ul_font_size=&#8221;18px&#8221; ul_line_height=&#8221;3em&#8221; animation_style=&#8221;fade&#8221; animation_delay=&#8221;400ms&#8221;]<\/p>\n<ul>\n<li>Printing<\/li>\n<li>3D<\/li>\n<li>Preparation of events<\/li>\n<\/ul>\n<p>[\/et_pb_text][\/et_pb_column][\/et_pb_row][\/et_pb_section][et_pb_section fb_built=&#8221;1&#8243; module_id=&#8221;clients&#8221; _builder_version=&#8221;3.0.83&#8243;][et_pb_row use_custom_gutter=&#8221;on&#8221; gutter_width=&#8221;1&#8243; _builder_version=&#8221;3.0.83&#8243;][et_pb_column type=&#8221;1_4&#8243; _builder_version=&#8221;3.0.47&#8243; parallax=&#8221;off&#8221; parallax_method=&#8221;on&#8221;][\/et_pb_column][et_pb_column type=&#8221;1_2&#8243; _builder_version=&#8221;3.0.47&#8243; parallax=&#8221;off&#8221; parallax_method=&#8221;on&#8221;][et_pb_text admin_label=&#8221;Titol Clients&#8221; _builder_version=&#8221;3.0.83&#8243; header_2_font=&#8221;Montserrat|300|||||||&#8221; header_2_text_align=&#8221;center&#8221; header_2_font_size=&#8221;18px&#8221; header_2_line_height=&#8221;1.2em&#8221;]<\/p>\n<h2 style=\"text-align: center;\">Clients<\/h2>\n<p>[\/et_pb_text][\/et_pb_column][et_pb_column type=&#8221;1_4&#8243; _builder_version=&#8221;3.0.47&#8243; parallax=&#8221;off&#8221; parallax_method=&#8221;on&#8221;][\/et_pb_column][\/et_pb_row][et_pb_row use_custom_gutter=&#8221;on&#8221; gutter_width=&#8221;1&#8243; _builder_version=&#8221;3.0.83&#8243;][et_pb_column type=&#8221;1_4&#8243; _builder_version=&#8221;3.0.47&#8243; parallax=&#8221;off&#8221; parallax_method=&#8221;on&#8221;][et_pb_text _builder_version=&#8221;3.0.83&#8243;]<\/p>\n<p style=\"text-align: left;\">ADDO, Conflict Resolution<br \/>\nAequilibrium<br \/>\nAjuntament d\u2019Alcanar<br \/>\nAjuntament de Cambrils<br \/>\nAjuntament de l\u2019Hospitalet de l\u2019Infant<br \/>\nAjuntament de Reus<br \/>\nAjuntament de Sant Jaume d\u2019Enveja<br \/>\nAlusol, suministres i tancaments<br \/>\nAmaltea<br \/>\nBeti Mart\u00ed Est\u00e8tica Hol\u00edstica<br \/>\nBiblioteca Municipal de Salou<br \/>\nBiblioteca P\u00fablica Trinitari Fabregat<br \/>\nBiblioteca Infant Pere<\/p>\n<p>[\/et_pb_text][\/et_pb_column][et_pb_column type=&#8221;1_4&#8243; _builder_version=&#8221;3.0.47&#8243; parallax=&#8221;off&#8221; parallax_method=&#8221;on&#8221;][et_pb_text _builder_version=&#8221;3.0.83&#8243;]<\/p>\n<p style=\"text-align: left;\">Bionet Europa<br \/>\nBodegas Alconde<br \/>\nCAER, Centre d\u2019arts esc\u00e8niques de Reus<br \/>\nCampa Iberia<br \/>\nCan Pistraques<br \/>\nCEPTA<br \/>\nDEPANA<br \/>\nDiputaci\u00f3 de Tarragona<br \/>\nDomicilia<br \/>\nEcoroda<br \/>\nEynde, dret penal<br \/>\nEXIT<br \/>\nGeneral Cable<\/p>\n<p>[\/et_pb_text][\/et_pb_column][et_pb_column type=&#8221;1_4&#8243; _builder_version=&#8221;3.0.47&#8243; parallax=&#8221;off&#8221; parallax_method=&#8221;on&#8221;][et_pb_text _builder_version=&#8221;3.0.83&#8243;]<\/p>\n<p style=\"text-align: left;\">Gnomon<br \/>\nGrupo Mentoring<br \/>\nHabitat Interior<br \/>\nHotel Sivory<br \/>\nLa Mina<br \/>\nLa S\u00e9gola<br \/>\nMas Carandell<br \/>\nN\u00e9mesis ARQ<br \/>\nNeticont<br \/>\nParallel 40<br \/>\nPatronat de Turisme de Cambrils<br \/>\nPatronat de Turisme de Reus<br \/>\nPatronat de Turisme de Salou<\/p>\n<p>[\/et_pb_text][\/et_pb_column][et_pb_column type=&#8221;1_4&#8243; _builder_version=&#8221;3.0.47&#8243; parallax=&#8221;off&#8221; parallax_method=&#8221;on&#8221;][et_pb_text _builder_version=&#8221;3.0.83&#8243;]<\/p>\n<p style=\"text-align: left;\">Patronat de Turisme de Vila-Seca<br \/>\nPla estrat\u00e8gic metropolit\u00e0 de Barcelona<br \/>\nReagra<br \/>\nRestaurant Mulsum<br \/>\nRestior<br \/>\nSegurjobs<br \/>\nTask, consultors<br \/>\nTarc, advocats<br \/>\nTaronja Alcanar<br \/>\nTeatre Bartrina<br \/>\nTeatre Fortuny<br \/>\nTESA<br \/>\nUni\u00f3 de Botiguers de Reus<br \/>\nVicsan<\/p>\n<p>[\/et_pb_text][\/et_pb_column][\/et_pb_row][\/et_pb_section][et_pb_section fb_built=&#8221;1&#8243; module_id=&#8221;contacte&#8221; _builder_version=&#8221;3.0.83&#8243; background_color=&#8221;#efefef&#8221;][et_pb_row use_custom_gutter=&#8221;on&#8221; gutter_width=&#8221;1&#8243; _builder_version=&#8221;3.0.83&#8243;][et_pb_column type=&#8221;1_4&#8243; _builder_version=&#8221;3.0.47&#8243; parallax=&#8221;off&#8221; parallax_method=&#8221;on&#8221;][\/et_pb_column][et_pb_column type=&#8221;1_2&#8243; _builder_version=&#8221;3.0.47&#8243; parallax=&#8221;off&#8221; parallax_method=&#8221;on&#8221;][et_pb_text admin_label=&#8221;Titol Contacte&#8221; _builder_version=&#8221;3.0.83&#8243; header_2_font=&#8221;Montserrat|300|||||||&#8221; header_2_text_align=&#8221;center&#8221; header_2_font_size=&#8221;18px&#8221; header_2_line_height=&#8221;1.2em&#8221;]<\/p>\n<h2 style=\"text-align: center;\">Contact<\/h2>\n<p>[\/et_pb_text][\/et_pb_column][et_pb_column type=&#8221;1_4&#8243; _builder_version=&#8221;3.0.47&#8243; parallax=&#8221;off&#8221; parallax_method=&#8221;on&#8221;][\/et_pb_column][\/et_pb_row][et_pb_row _builder_version=&#8221;3.0.48&#8243; background_size=&#8221;initial&#8221; background_position=&#8221;top_left&#8221; background_repeat=&#8221;repeat&#8221;][et_pb_column type=&#8221;4_4&#8243; _builder_version=&#8221;3.0.47&#8243; parallax=&#8221;off&#8221; parallax_method=&#8221;on&#8221;][et_pb_contact_form email=&#8221;comunicacio@volervolar.com&#8221; custom_message=&#8221;Nom: %%Name%%||et_pb_line_break_holder||Email: %%Email%%||et_pb_line_break_holder||Missatge: %%Message%%&#8221; success_message=&#8221;The message has been sent. Thank you for contacting us.&#8221; submit_button_text=&#8221;Send&#8221; form_background_color=&#8221;#ffffff&#8221; module_id=&#8221;et_pb_contact_form_0&#8243; _builder_version=&#8221;3.0.106&#8243; title_text_color=&#8221;#333333&#8243; form_field_text_color=&#8221;#333333&#8243; custom_button=&#8221;on&#8221; button_text_size=&#8221;18&#8243; button_text_color=&#8221;#ffffff&#8221; button_bg_color=&#8221;#333333&#8243; button_border_width=&#8221;0&#8243; button_border_radius=&#8221;0&#8243; button_use_icon=&#8221;off&#8221; button_text_color_hover=&#8221;#ffffff&#8221; button_bg_color_hover=&#8221;#000000&#8243; button_border_radius_hover=&#8221;0&#8243; custom_css_contact_button=&#8221;padding:0.5em 1.2em!important;&#8221;][et_pb_contact_field field_id=&#8221;Name&#8221; field_title=&#8221;Name&#8221; _builder_version=&#8221;3.0.106&#8243; use_border_color=&#8221;off&#8221;][\/et_pb_contact_field][et_pb_contact_field field_id=&#8221;Email&#8221; field_title=&#8221;Email&#8221; field_type=&#8221;email&#8221; _builder_version=&#8221;3.0.106&#8243; form_field_font=&#8221;||||||||&#8221; border_style_all=&#8221;solid&#8221; use_border_color=&#8221;off&#8221;][\/et_pb_contact_field][et_pb_contact_field field_id=&#8221;Message&#8221; field_title=&#8221;Message&#8221; field_type=&#8221;text&#8221; fullwidth_field=&#8221;on&#8221; _builder_version=&#8221;3.0.106&#8243; form_field_font=&#8221;||||||||&#8221; border_style_all=&#8221;solid&#8221; use_border_color=&#8221;off&#8221;][\/et_pb_contact_field][\/et_pb_contact_form][\/et_pb_column][\/et_pb_row][\/et_pb_section]<\/p>\n","protected":false},"excerpt":{"rendered":"<p>More than 15 years communicating. We connect with you so that you get the best results. We communicate in a simple and creative way.Services Barcelona Activa has selected VOLERVOLAR to advise new companies. Graphic design Web design Editorial design Illustration Creation of content online and offline Community Manager Printing 3D Preparation of events Clients ADDO,Llegir m\u00e9s<\/p>\n","protected":false},"author":1,"featured_media":0,"parent":0,"menu_order":0,"comment_status":"closed","ping_status":"closed","template":"","meta":{"_et_pb_use_builder":"on","_et_pb_old_content":"","_et_gb_content_width":"","footnotes":""},"_links":{"self":[{"href":"https:\/\/volervolar.com\/en\/wp-json\/wp\/v2\/pages\/869"}],"collection":[{"href":"https:\/\/volervolar.com\/en\/wp-json\/wp\/v2\/pages"}],"about":[{"href":"https:\/\/volervolar.com\/en\/wp-json\/wp\/v2\/types\/page"}],"author":[{"embeddable":true,"href":"https:\/\/volervolar.com\/en\/wp-json\/wp\/v2\/users\/1"}],"replies":[{"embeddable":true,"href":"https:\/\/volervolar.com\/en\/wp-json\/wp\/v2\/comments?post=869"}],"version-history":[{"count":5,"href":"https:\/\/volervolar.com\/en\/wp-json\/wp\/v2\/pages\/869\/revisions"}],"predecessor-version":[{"id":1003,"href":"https:\/\/volervolar.com\/en\/wp-json\/wp\/v2\/pages\/869\/revisions\/1003"}],"wp:attachment":[{"href":"https:\/\/volervolar.com\/en\/wp-json\/wp\/v2\/media?parent=869"}],"curies":[{"name":"wp","href":"https:\/\/api.w.org\/{rel}","templated":true}]}}