
{"id":558,"date":"2018-07-24T20:01:32","date_gmt":"2018-07-24T18:01:32","guid":{"rendered":"http:\/\/volervolar.com\/www\/diseno\/"},"modified":"2018-09-27T09:04:49","modified_gmt":"2018-09-27T07:04:49","slug":"diseno","status":"publish","type":"page","link":"https:\/\/volervolar.com\/es\/","title":{"rendered":"Dise\u00f1o"},"content":{"rendered":"<p>[et_pb_section fb_built=\u00bb1&#8243; _builder_version=\u00bb3.0.83&#8243; custom_padding=\u00bb0px|||\u00bb][et_pb_row use_custom_gutter=\u00bbon\u00bb gutter_width=\u00bb1&#8243; _builder_version=\u00bb3.0.83&#8243;][et_pb_column type=\u00bb1_4&#8243; _builder_version=\u00bb3.0.47&#8243; parallax=\u00bboff\u00bb parallax_method=\u00bbon\u00bb][\/et_pb_column][et_pb_column type=\u00bb1_2&#8243; _builder_version=\u00bb3.0.47&#8243; parallax=\u00bboff\u00bb parallax_method=\u00bbon\u00bb][et_pb_text admin_label=\u00bbText frase\u00bb _builder_version=\u00bb3.0.106&#8243; header_2_font=\u00bbMontserrat|300|||||||\u00bb header_2_text_align=\u00bbcenter\u00bb header_2_font_size=\u00bb22px\u00bb header_2_line_height=\u00bb1.2em\u00bb]<\/p>\n<h5 style=\"text-align: center;\">M\u00e1s de 15 a\u00f1os comunicando. Nuestro DO, conectar contigo para que obtengas los mejores resultados. Comunicamos de forma sencilla y creativa.<\/h5>\n<p>[\/et_pb_text][\/et_pb_column][et_pb_column type=\u00bb1_4&#8243; _builder_version=\u00bb3.0.47&#8243; parallax=\u00bboff\u00bb parallax_method=\u00bbon\u00bb][\/et_pb_column][\/et_pb_row][et_pb_row use_custom_width=\u00bbon\u00bb custom_width_px=\u00bb1400px\u00bb use_custom_gutter=\u00bbon\u00bb gutter_width=\u00bb2&#8243; custom_padding=\u00bb0px||0px|\u00bb custom_margin=\u00bb0px||0px|\u00bb background_repeat_1=\u00bbno-repeat\u00bb padding_top_1=\u00bb0px\u00bb padding_bottom_1=\u00bb0px\u00bb _builder_version=\u00bb3.0.83&#8243; module_alignment=\u00bbcenter\u00bb][et_pb_column type=\u00bb4_4&#8243; _builder_version=\u00bb3.0.47&#8243; padding_bottom=\u00bb0px\u00bb padding_top=\u00bb0px\u00bb parallax=\u00bboff\u00bb parallax_method=\u00bbon\u00bb background_repeat=\u00bbno-repeat\u00bb][et_pb_portfolio fullwidth=\u00bboff\u00bb posts_number=\u00bb15&#8243; show_categories=\u00bboff\u00bb show_pagination=\u00bboff\u00bb hover_icon=\u00bb%%43%%\u00bb _builder_version=\u00bb3.0.106&#8243; title_font_size=\u00bb12&#8243; caption_font_size=\u00bb12&#8243; pagination_font_size_tablet=\u00bb51&#8243; pagination_line_height_tablet=\u00bb2&#8243;][\/et_pb_portfolio][\/et_pb_column][\/et_pb_row][\/et_pb_section][et_pb_section fb_built=\u00bb1&#8243; module_id=\u00bbserveis\u00bb _builder_version=\u00bb3.0.83&#8243; background_color=\u00bb#efefef\u00bb][et_pb_row use_custom_gutter=\u00bbon\u00bb gutter_width=\u00bb1&#8243; _builder_version=\u00bb3.0.83&#8243;][et_pb_column type=\u00bb1_4&#8243; _builder_version=\u00bb3.0.47&#8243; parallax=\u00bboff\u00bb parallax_method=\u00bbon\u00bb][\/et_pb_column][et_pb_column type=\u00bb1_2&#8243; _builder_version=\u00bb3.0.47&#8243; parallax=\u00bboff\u00bb parallax_method=\u00bbon\u00bb][et_pb_text admin_label=\u00bbTitol Serveis\u00bb _builder_version=\u00bb3.0.106&#8243; header_2_font=\u00bbMontserrat|300|||||||\u00bb header_2_text_align=\u00bbcenter\u00bb header_2_font_size=\u00bb18px\u00bb header_2_line_height=\u00bb1.2em\u00bb]<\/p>\n<h2 style=\"text-align: center;\">Servicios<\/h2>\n<p>[\/et_pb_text][\/et_pb_column][et_pb_column type=\u00bb1_4&#8243; _builder_version=\u00bb3.0.47&#8243; parallax=\u00bboff\u00bb parallax_method=\u00bbon\u00bb][\/et_pb_column][\/et_pb_row][et_pb_row use_custom_gutter=\u00bbon\u00bb gutter_width=\u00bb1&#8243; _builder_version=\u00bb3.0.83&#8243;][et_pb_column type=\u00bb1_4&#8243; _builder_version=\u00bb3.0.47&#8243; parallax=\u00bboff\u00bb parallax_method=\u00bbon\u00bb][\/et_pb_column][et_pb_column type=\u00bb1_2&#8243; _builder_version=\u00bb3.0.47&#8243; parallax=\u00bboff\u00bb parallax_method=\u00bbon\u00bb][et_pb_text admin_label=\u00bbText frase\u00bb _builder_version=\u00bb3.0.106&#8243; header_2_font=\u00bbMontserrat|300|||||||\u00bb header_2_text_align=\u00bbcenter\u00bb header_2_font_size=\u00bb22px\u00bb header_2_line_height=\u00bb1.2em\u00bb]<\/p>\n<h2 style=\"text-align: center;\">Barcelona Activa ha seleccionado a VOLERVOLAR como empresa experta para asesorar a nuevas empresas.<\/h2>\n<p>[\/et_pb_text][\/et_pb_column][et_pb_column type=\u00bb1_4&#8243; _builder_version=\u00bb3.0.47&#8243; parallax=\u00bboff\u00bb parallax_method=\u00bbon\u00bb][\/et_pb_column][\/et_pb_row][et_pb_row use_custom_gutter=\u00bbon\u00bb gutter_width=\u00bb1&#8243; _builder_version=\u00bb3.0.83&#8243;][et_pb_column type=\u00bb1_3&#8243; _builder_version=\u00bb3.0.47&#8243; parallax=\u00bboff\u00bb parallax_method=\u00bbon\u00bb][et_pb_text ul_type=\u00bbnone\u00bb _builder_version=\u00bb3.0.106&#8243; ul_font=\u00bbMontserrat|300|||||||\u00bb ul_text_align=\u00bbcenter\u00bb ul_font_size=\u00bb18px\u00bb ul_line_height=\u00bb3em\u00bb custom_padding=\u00bb||0px|0px\u00bb animation_style=\u00bbfade\u00bb]<\/p>\n<ul>\n<li>Dise\u00f1o gr\u00e1fico<\/li>\n<li>Dise\u00f1o web<\/li>\n<li>Dise\u00f1o editorial<\/li>\n<\/ul>\n<p>[\/et_pb_text][\/et_pb_column][et_pb_column type=\u00bb1_3&#8243; _builder_version=\u00bb3.0.47&#8243; parallax=\u00bboff\u00bb parallax_method=\u00bbon\u00bb][et_pb_text ul_type=\u00bbnone\u00bb _builder_version=\u00bb3.0.106&#8243; ul_font=\u00bbMontserrat|300|||||||\u00bb ul_text_align=\u00bbcenter\u00bb ul_font_size=\u00bb18px\u00bb ul_line_height=\u00bb3em\u00bb animation_style=\u00bbfade\u00bb animation_delay=\u00bb200ms\u00bb]<\/p>\n<ul>\n<li>Ilustracio\u0301n<\/li>\n<li>Creacio\u0301n de contenidos on line y offline<\/li>\n<li>Comunity Manager<\/li>\n<\/ul>\n<p>[\/et_pb_text][\/et_pb_column][et_pb_column type=\u00bb1_3&#8243; _builder_version=\u00bb3.0.47&#8243; parallax=\u00bboff\u00bb parallax_method=\u00bbon\u00bb][et_pb_text ul_type=\u00bbnone\u00bb _builder_version=\u00bb3.0.106&#8243; ul_font=\u00bbMontserrat|300|||||||\u00bb ul_text_align=\u00bbcenter\u00bb ul_font_size=\u00bb18px\u00bb ul_line_height=\u00bb3em\u00bb animation_style=\u00bbfade\u00bb animation_delay=\u00bb400ms\u00bb]<\/p>\n<ul>\n<li>Impresio\u0301n<\/li>\n<li>3D<\/li>\n<li>Preparacio\u0301n de eventos<\/li>\n<\/ul>\n<p>[\/et_pb_text][\/et_pb_column][\/et_pb_row][\/et_pb_section][et_pb_section fb_built=\u00bb1&#8243; module_id=\u00bbclients\u00bb _builder_version=\u00bb3.0.83&#8243;][et_pb_row use_custom_gutter=\u00bbon\u00bb gutter_width=\u00bb1&#8243; _builder_version=\u00bb3.0.83&#8243;][et_pb_column type=\u00bb1_4&#8243; _builder_version=\u00bb3.0.47&#8243; parallax=\u00bboff\u00bb parallax_method=\u00bbon\u00bb][\/et_pb_column][et_pb_column type=\u00bb1_2&#8243; _builder_version=\u00bb3.0.47&#8243; parallax=\u00bboff\u00bb parallax_method=\u00bbon\u00bb][et_pb_text admin_label=\u00bbTitol Clients\u00bb _builder_version=\u00bb3.0.83&#8243; header_2_font=\u00bbMontserrat|300|||||||\u00bb header_2_text_align=\u00bbcenter\u00bb header_2_font_size=\u00bb18px\u00bb header_2_line_height=\u00bb1.2em\u00bb]<\/p>\n<h2 style=\"text-align: center;\">Clientes<\/h2>\n<p>[\/et_pb_text][\/et_pb_column][et_pb_column type=\u00bb1_4&#8243; _builder_version=\u00bb3.0.47&#8243; parallax=\u00bboff\u00bb parallax_method=\u00bbon\u00bb][\/et_pb_column][\/et_pb_row][et_pb_row use_custom_gutter=\u00bbon\u00bb gutter_width=\u00bb1&#8243; _builder_version=\u00bb3.0.83&#8243;][et_pb_column type=\u00bb1_4&#8243; _builder_version=\u00bb3.0.47&#8243; parallax=\u00bboff\u00bb parallax_method=\u00bbon\u00bb][et_pb_text _builder_version=\u00bb3.0.83&#8243;]<\/p>\n<p style=\"text-align: left;\">ADDO, Conflict Resolution<br \/>\nAequilibrium<br \/>\nAjuntament d\u2019Alcanar<br \/>\nAjuntament de Cambrils<br \/>\nAjuntament de l\u2019Hospitalet de l\u2019Infant<br \/>\nAjuntament de Reus<br \/>\nAjuntament de Sant Jaume d\u2019Enveja<br \/>\nAlusol, suministres i tancaments<br \/>\nAmaltea<br \/>\nBeti Mart\u00ed Est\u00e8tica Hol\u00edstica<br \/>\nBiblioteca Municipal de Salou<br \/>\nBiblioteca P\u00fablica Trinitari Fabregat<br \/>\nBiblioteca Infant Pere<\/p>\n<p>[\/et_pb_text][\/et_pb_column][et_pb_column type=\u00bb1_4&#8243; _builder_version=\u00bb3.0.47&#8243; parallax=\u00bboff\u00bb parallax_method=\u00bbon\u00bb][et_pb_text _builder_version=\u00bb3.0.83&#8243;]<\/p>\n<p style=\"text-align: left;\">Bionet Europa<br \/>\nBodegas Alconde<br \/>\nCAER, Centre d\u2019arts esc\u00e8niques de Reus<br \/>\nCampa Iberia<br \/>\nCan Pistraques<br \/>\nCEPTA<br \/>\nDEPANA<br \/>\nDiputaci\u00f3 de Tarragona<br \/>\nDomicilia<br \/>\nEcoroda<br \/>\nEynde, dret penal<br \/>\nEXIT<br \/>\nGeneral Cable<\/p>\n<p>[\/et_pb_text][\/et_pb_column][et_pb_column type=\u00bb1_4&#8243; _builder_version=\u00bb3.0.47&#8243; parallax=\u00bboff\u00bb parallax_method=\u00bbon\u00bb][et_pb_text _builder_version=\u00bb3.0.83&#8243;]<\/p>\n<p style=\"text-align: left;\">Gnomon<br \/>\nGrupo Mentoring<br \/>\nHabitat Interior<br \/>\nHotel Sivory<br \/>\nLa Mina<br \/>\nLa S\u00e9gola<br \/>\nMas Carandell<br \/>\nN\u00e9mesis ARQ<br \/>\nNeticont<br \/>\nParallel 40<br \/>\nPatronat de Turisme de Cambrils<br \/>\nPatronat de Turisme de Reus<br \/>\nPatronat de Turisme de Salou<\/p>\n<p>[\/et_pb_text][\/et_pb_column][et_pb_column type=\u00bb1_4&#8243; _builder_version=\u00bb3.0.47&#8243; parallax=\u00bboff\u00bb parallax_method=\u00bbon\u00bb][et_pb_text _builder_version=\u00bb3.0.83&#8243;]<\/p>\n<p style=\"text-align: left;\">Patronat de Turisme de Vila-Seca<br \/>\nPla estrat\u00e8gic metropolit\u00e0 de Barcelona<br \/>\nReagra<br \/>\nRestaurant Mulsum<br \/>\nRestior<br \/>\nSegurjobs<br \/>\nTask, consultors<br \/>\nTarc, advocats<br \/>\nTaronja Alcanar<br \/>\nTeatre Bartrina<br \/>\nTeatre Fortuny<br \/>\nTESA<br \/>\nUni\u00f3 de Botiguers de Reus<br \/>\nVicsan<\/p>\n<p>[\/et_pb_text][\/et_pb_column][\/et_pb_row][\/et_pb_section][et_pb_section fb_built=\u00bb1&#8243; module_id=\u00bbcontacte\u00bb _builder_version=\u00bb3.0.83&#8243; background_color=\u00bb#efefef\u00bb][et_pb_row use_custom_gutter=\u00bbon\u00bb gutter_width=\u00bb1&#8243; _builder_version=\u00bb3.0.83&#8243;][et_pb_column type=\u00bb1_4&#8243; _builder_version=\u00bb3.0.47&#8243; parallax=\u00bboff\u00bb parallax_method=\u00bbon\u00bb][\/et_pb_column][et_pb_column type=\u00bb1_2&#8243; _builder_version=\u00bb3.0.47&#8243; parallax=\u00bboff\u00bb parallax_method=\u00bbon\u00bb][et_pb_text admin_label=\u00bbTitol Contacte\u00bb _builder_version=\u00bb3.0.83&#8243; header_2_font=\u00bbMontserrat|300|||||||\u00bb header_2_text_align=\u00bbcenter\u00bb header_2_font_size=\u00bb18px\u00bb header_2_line_height=\u00bb1.2em\u00bb]<\/p>\n<h2 style=\"text-align: center;\">Contacto<\/h2>\n<p>[\/et_pb_text][\/et_pb_column][et_pb_column type=\u00bb1_4&#8243; _builder_version=\u00bb3.0.47&#8243; parallax=\u00bboff\u00bb parallax_method=\u00bbon\u00bb][\/et_pb_column][\/et_pb_row][et_pb_row _builder_version=\u00bb3.0.48&#8243; background_size=\u00bbinitial\u00bb background_position=\u00bbtop_left\u00bb background_repeat=\u00bbrepeat\u00bb][et_pb_column type=\u00bb4_4&#8243; _builder_version=\u00bb3.0.47&#8243; parallax=\u00bboff\u00bb parallax_method=\u00bbon\u00bb][et_pb_contact_form email=\u00bbcomunicacio@volervolar.com\u00bb custom_message=\u00bbNom: %%Name%%||et_pb_line_break_holder||Email: %%Email%%||et_pb_line_break_holder||Missatge: %%Message%%\u00bb success_message=\u00bbEl mensaje ha sido enviado. Gracias por contactarnos.\u00bb submit_button_text=\u00bbEnviar\u00bb form_background_color=\u00bb#ffffff\u00bb module_id=\u00bbet_pb_contact_form_0&#8243; _builder_version=\u00bb3.0.106&#8243; title_text_color=\u00bb#333333&#8243; form_field_text_color=\u00bb#333333&#8243; custom_button=\u00bbon\u00bb button_text_size=\u00bb18&#8243; button_text_color=\u00bb#ffffff\u00bb button_bg_color=\u00bb#333333&#8243; button_border_width=\u00bb0&#8243; button_border_radius=\u00bb0&#8243; button_use_icon=\u00bboff\u00bb button_text_color_hover=\u00bb#ffffff\u00bb button_bg_color_hover=\u00bb#000000&#8243; button_border_radius_hover=\u00bb0&#8243; custom_css_contact_button=\u00bbpadding:0.5em 1.2em!important;\u00bb][et_pb_contact_field field_id=\u00bbName\u00bb field_title=\u00bbNombre\u00bb _builder_version=\u00bb3.0.106&#8243; use_border_color=\u00bboff\u00bb][\/et_pb_contact_field][et_pb_contact_field field_id=\u00bbEmail\u00bb field_title=\u00bbEmail\u00bb field_type=\u00bbemail\u00bb _builder_version=\u00bb3.0.106&#8243; form_field_font=\u00bb||||||||\u00bb border_style_all=\u00bbsolid\u00bb use_border_color=\u00bboff\u00bb][\/et_pb_contact_field][et_pb_contact_field field_id=\u00bbMessage\u00bb field_title=\u00bbMensaje\u00bb field_type=\u00bbtext\u00bb fullwidth_field=\u00bbon\u00bb _builder_version=\u00bb3.0.106&#8243; form_field_font=\u00bb||||||||\u00bb border_style_all=\u00bbsolid\u00bb use_border_color=\u00bboff\u00bb][\/et_pb_contact_field][\/et_pb_contact_form][\/et_pb_column][\/et_pb_row][\/et_pb_section]<\/p>\n","protected":false},"excerpt":{"rendered":"<p>M\u00e1s de 15 a\u00f1os comunicando. Nuestro DO, conectar contigo para que obtengas los mejores resultados. Comunicamos de forma sencilla y creativa.Servicios Barcelona Activa ha seleccionado a VOLERVOLAR como empresa experta para asesorar a nuevas empresas. Dise\u00f1o gr\u00e1fico Dise\u00f1o web Dise\u00f1o editorial Ilustracio\u0301n Creacio\u0301n de contenidos on line y offline Comunity Manager Impresio\u0301n 3D Preparacio\u0301n deLlegir m\u00e9s<\/p>\n","protected":false},"author":1,"featured_media":0,"parent":0,"menu_order":0,"comment_status":"closed","ping_status":"closed","template":"","meta":{"_et_pb_use_builder":"on","_et_pb_old_content":"","_et_gb_content_width":"","footnotes":""},"_links":{"self":[{"href":"https:\/\/volervolar.com\/es\/wp-json\/wp\/v2\/pages\/558"}],"collection":[{"href":"https:\/\/volervolar.com\/es\/wp-json\/wp\/v2\/pages"}],"about":[{"href":"https:\/\/volervolar.com\/es\/wp-json\/wp\/v2\/types\/page"}],"author":[{"embeddable":true,"href":"https:\/\/volervolar.com\/es\/wp-json\/wp\/v2\/users\/1"}],"replies":[{"embeddable":true,"href":"https:\/\/volervolar.com\/es\/wp-json\/wp\/v2\/comments?post=558"}],"version-history":[{"count":7,"href":"https:\/\/volervolar.com\/es\/wp-json\/wp\/v2\/pages\/558\/revisions"}],"predecessor-version":[{"id":985,"href":"https:\/\/volervolar.com\/es\/wp-json\/wp\/v2\/pages\/558\/revisions\/985"}],"wp:attachment":[{"href":"https:\/\/volervolar.com\/es\/wp-json\/wp\/v2\/media?parent=558"}],"curies":[{"name":"wp","href":"https:\/\/api.w.org\/{rel}","templated":true}]}}